{"id":10814,"date":"2024-01-23T18:58:25","date_gmt":"2024-01-23T17:58:25","guid":{"rendered":"http:\/\/webecpol.esade.edu\/?page_id=10814"},"modified":"2025-04-02T10:36:18","modified_gmt":"2025-04-02T08:36:18","slug":"nextgeneu-tracker","status":"publish","type":"page","link":"http:\/\/webecpol.esade.edu\/es\/nextgeneu-tracker\/","title":{"rendered":"\u25c9 NextGenEU Tracker | ene-25"},"content":{"rendered":"<style>\n    iframe {\n        width: 100%;\n        height: 4500px;\n        overflow: hidden;\n        border: 0;\n    }<\/p>\n<p>    @media (max-width: 768px) {\n        iframe {\n            height: 8000px;\n            width: 100%;\n        }\n    }\n<\/style>\n<p><iframe src=\"https:\/\/javimartinez.shinyapps.io\/prtr\/\" allowfullscreen><\/iframe><\/p>\n<p><i>Desarrollado por Manuel Hidalgo y Javier Mart\u00ednez. Texto &#038; gr\u00e1ficos: Javier Mart\u00ednez, Jorge Galindo.<\/i><\/p>\n","protected":false},"excerpt":{"rendered":"<p>Desarrollado por Manuel Hidalgo y Javier Mart\u00ednez. Texto &#038; gr\u00e1ficos: Javier Mart\u00ednez, Jorge Galindo.<\/p>\n","protected":false},"author":6,"featured_media":0,"parent":0,"menu_order":0,"comment_status":"closed","ping_status":"closed","template":"","meta":{"footnotes":""},"yoast_head":"<!-- This site is optimized with the Yoast SEO plugin v22.9 - https:\/\/yoast.com\/wordpress\/plugins\/seo\/ -->\n<title>\u25c9 NextGenEU Tracker | ene-25 - Center for Economic Policy - EsadeEcPol<\/title>\n<meta name=\"robots\" content=\"index, follow, max-snippet:-1, max-image-preview:large, max-video-preview:-1\" \/>\n<link rel=\"canonical\" href=\"http:\/\/webecpol.esade.edu\/es\/nextgeneu-tracker\/\" \/>\n<meta property=\"og:locale\" content=\"es_ES\" \/>\n<meta property=\"og:type\" content=\"article\" \/>\n<meta property=\"og:title\" content=\"\u25c9 NextGenEU Tracker | ene-25 - Center for Economic Policy - EsadeEcPol\" \/>\n<meta property=\"og:description\" content=\"Desarrollado por Manuel Hidalgo y Javier Mart\u00ednez. Texto &#038; gr\u00e1ficos: Javier Mart\u00ednez, Jorge Galindo.\" \/>\n<meta property=\"og:url\" content=\"http:\/\/webecpol.esade.edu\/es\/nextgeneu-tracker\/\" \/>\n<meta property=\"og:site_name\" content=\"Center for Economic Policy - EsadeEcPol\" \/>\n<meta property=\"article:modified_time\" content=\"2025-04-02T08:36:18+00:00\" \/>\n<meta name=\"twitter:card\" content=\"summary_large_image\" \/>\n<meta name=\"twitter:site\" content=\"@esadeecpol\" \/>\n<meta name=\"twitter:label1\" content=\"Tiempo de lectura\" \/>\n\t<meta name=\"twitter:data1\" content=\"1 minuto\" \/>\n<script type=\"application\/ld+json\" class=\"yoast-schema-graph\">{\"@context\":\"https:\/\/schema.org\",\"@graph\":[{\"@type\":\"WebPage\",\"@id\":\"http:\/\/webecpol.esade.edu\/es\/nextgeneu-tracker\/\",\"url\":\"http:\/\/webecpol.esade.edu\/es\/nextgeneu-tracker\/\",\"name\":\"\u25c9 NextGenEU Tracker | ene-25 - Center for Economic Policy - EsadeEcPol\",\"isPartOf\":{\"@id\":\"http:\/\/webecpol.esade.edu\/es\/#website\"},\"datePublished\":\"2024-01-23T17:58:25+00:00\",\"dateModified\":\"2025-04-02T08:36:18+00:00\",\"breadcrumb\":{\"@id\":\"http:\/\/webecpol.esade.edu\/es\/nextgeneu-tracker\/#breadcrumb\"},\"inLanguage\":\"es\",\"potentialAction\":[{\"@type\":\"ReadAction\",\"target\":[\"http:\/\/webecpol.esade.edu\/es\/nextgeneu-tracker\/\"]}]},{\"@type\":\"BreadcrumbList\",\"@id\":\"http:\/\/webecpol.esade.edu\/es\/nextgeneu-tracker\/#breadcrumb\",\"itemListElement\":[{\"@type\":\"ListItem\",\"position\":1,\"name\":\"Portada\",\"item\":\"http:\/\/webecpol.esade.edu\/es\/\"},{\"@type\":\"ListItem\",\"position\":2,\"name\":\"\u25c9 NextGenEU Tracker | ene-25\"}]},{\"@type\":\"WebSite\",\"@id\":\"http:\/\/webecpol.esade.edu\/es\/#website\",\"url\":\"http:\/\/webecpol.esade.edu\/es\/\",\"name\":\"Center for Economic Policy - EsadeEcPol\",\"description\":\"\",\"potentialAction\":[{\"@type\":\"SearchAction\",\"target\":{\"@type\":\"EntryPoint\",\"urlTemplate\":\"http:\/\/webecpol.esade.edu\/es\/?s={search_term_string}\"},\"query-input\":\"required name=search_term_string\"}],\"inLanguage\":\"es\"}]}<\/script>\n<!-- \/ Yoast SEO plugin. -->","yoast_head_json":{"title":"\u25c9 NextGenEU Tracker | ene-25 - Center for Economic Policy - EsadeEcPol","robots":{"index":"index","follow":"follow","max-snippet":"max-snippet:-1","max-image-preview":"max-image-preview:large","max-video-preview":"max-video-preview:-1"},"canonical":"http:\/\/webecpol.esade.edu\/es\/nextgeneu-tracker\/","og_locale":"es_ES","og_type":"article","og_title":"\u25c9 NextGenEU Tracker | ene-25 - Center for Economic Policy - EsadeEcPol","og_description":"Desarrollado por Manuel Hidalgo y Javier Mart\u00ednez. Texto &#038; gr\u00e1ficos: Javier Mart\u00ednez, Jorge Galindo.","og_url":"http:\/\/webecpol.esade.edu\/es\/nextgeneu-tracker\/","og_site_name":"Center for Economic Policy - EsadeEcPol","article_modified_time":"2025-04-02T08:36:18+00:00","twitter_card":"summary_large_image","twitter_site":"@esadeecpol","twitter_misc":{"Tiempo de lectura":"1 minuto"},"schema":{"@context":"https:\/\/schema.org","@graph":[{"@type":"WebPage","@id":"http:\/\/webecpol.esade.edu\/es\/nextgeneu-tracker\/","url":"http:\/\/webecpol.esade.edu\/es\/nextgeneu-tracker\/","name":"\u25c9 NextGenEU Tracker | ene-25 - Center for Economic Policy - EsadeEcPol","isPartOf":{"@id":"http:\/\/webecpol.esade.edu\/es\/#website"},"datePublished":"2024-01-23T17:58:25+00:00","dateModified":"2025-04-02T08:36:18+00:00","breadcrumb":{"@id":"http:\/\/webecpol.esade.edu\/es\/nextgeneu-tracker\/#breadcrumb"},"inLanguage":"es","potentialAction":[{"@type":"ReadAction","target":["http:\/\/webecpol.esade.edu\/es\/nextgeneu-tracker\/"]}]},{"@type":"BreadcrumbList","@id":"http:\/\/webecpol.esade.edu\/es\/nextgeneu-tracker\/#breadcrumb","itemListElement":[{"@type":"ListItem","position":1,"name":"Portada","item":"http:\/\/webecpol.esade.edu\/es\/"},{"@type":"ListItem","position":2,"name":"\u25c9 NextGenEU Tracker | ene-25"}]},{"@type":"WebSite","@id":"http:\/\/webecpol.esade.edu\/es\/#website","url":"http:\/\/webecpol.esade.edu\/es\/","name":"Center for Economic Policy - EsadeEcPol","description":"","potentialAction":[{"@type":"SearchAction","target":{"@type":"EntryPoint","urlTemplate":"http:\/\/webecpol.esade.edu\/es\/?s={search_term_string}"},"query-input":"required name=search_term_string"}],"inLanguage":"es"}]}},"_links":{"self":[{"href":"http:\/\/webecpol.esade.edu\/es\/wp-json\/wp\/v2\/pages\/10814"}],"collection":[{"href":"http:\/\/webecpol.esade.edu\/es\/wp-json\/wp\/v2\/pages"}],"about":[{"href":"http:\/\/webecpol.esade.edu\/es\/wp-json\/wp\/v2\/types\/page"}],"author":[{"embeddable":true,"href":"http:\/\/webecpol.esade.edu\/es\/wp-json\/wp\/v2\/users\/6"}],"replies":[{"embeddable":true,"href":"http:\/\/webecpol.esade.edu\/es\/wp-json\/wp\/v2\/comments?post=10814"}],"version-history":[{"count":20,"href":"http:\/\/webecpol.esade.edu\/es\/wp-json\/wp\/v2\/pages\/10814\/revisions"}],"predecessor-version":[{"id":12053,"href":"http:\/\/webecpol.esade.edu\/es\/wp-json\/wp\/v2\/pages\/10814\/revisions\/12053"}],"wp:attachment":[{"href":"http:\/\/webecpol.esade.edu\/es\/wp-json\/wp\/v2\/media?parent=10814"}],"curies":[{"name":"wp","href":"https:\/\/api.w.org\/{rel}","templated":true}]}}